{"id":224,"date":"2025-09-01T10:51:13","date_gmt":"2025-09-01T10:51:13","guid":{"rendered":"https:\/\/steinkjerhundeklubb.no\/?page_id=224"},"modified":"2025-09-01T13:06:22","modified_gmt":"2025-09-01T13:06:22","slug":"lydighet","status":"publish","type":"page","link":"https:\/\/steinkjerhundeklubb.no\/?page_id=224","title":{"rendered":"Lydighet"},"content":{"rendered":"<p data-start=\"79\" data-end=\"335\"><strong data-start=\"79\" data-end=\"108\">Lydighetstrening med hund<\/strong> handler om \u00e5 bygge samarbeid, tillit og gode ferdigheter mellom hund og f\u00f8rer. Gjennom ulike \u00f8velser l\u00e6rer hunden \u00e5 fokusere, f\u00f8lge kommandoer og jobbe sammen med deg \u2013 enten du trener for hverdagslydighet eller konkurranse.<\/p>\n<p data-start=\"337\" data-end=\"465\">Vi har faste treninger i hallen <strong data-start=\"369\" data-end=\"391\">mandager kl. 18\u201320<\/strong>.<br data-start=\"392\" data-end=\"395\" \/>P\u00e5melding skjer via Facebook-gruppen <strong data-start=\"432\" data-end=\"462\">\u201cLydighet (for medlemmer)\u201d<\/strong>.<\/p>\n<p data-start=\"337\" data-end=\"465\">Sp\u00f8rsm\u00e5l kan sendes p\u00e5 e-post: steinkjer@klubb.nkk.no<\/p>\n","protected":false},"excerpt":{"rendered":"<p>Lydighetstrening med hund handler om \u00e5 bygge samarbeid, tillit og gode ferdigheter mellom hund og f\u00f8rer. Gjennom ulike \u00f8velser l\u00e6rer hunden \u00e5 fokusere, f\u00f8lge kommandoer og jobbe sammen med deg &hellip; <\/p>\n<p class=\"link-more\"><a href=\"https:\/\/steinkjerhundeklubb.no\/?page_id=224\" class=\"more-link\">Fortsett \u00e5 lese<span class=\"screen-reader-text\"> \u00abLydighet\u00bb<\/span><\/a><\/p>\n","protected":false},"author":2,"featured_media":0,"parent":0,"menu_order":0,"comment_status":"closed","ping_status":"closed","template":"","meta":{"ngg_post_thumbnail":0,"_price":"","_stock":"","_tribe_ticket_header":"","_tribe_default_ticket_provider":"","_tribe_ticket_capacity":"0","_ticket_start_date":"","_ticket_end_date":"","_tribe_ticket_show_description":"","_tribe_ticket_show_not_going":false,"_tribe_ticket_use_global_stock":"","_tribe_ticket_global_stock_level":"","_global_stock_mode":"","_global_stock_cap":"","_tribe_rsvp_for_event":"","_tribe_ticket_going_count":"","_tribe_ticket_not_going_count":"","_tribe_tickets_list":"[]","_tribe_ticket_has_attendee_info_fields":false,"footnotes":"","_tec_slr_enabled":"","_tec_slr_layout":""},"class_list":["post-224","page","type-page","status-publish","hentry"],"jetpack_sharing_enabled":true,"ticketed":false,"_links":{"self":[{"href":"https:\/\/steinkjerhundeklubb.no\/index.php?rest_route=\/wp\/v2\/pages\/224","targetHints":{"allow":["GET"]}}],"collection":[{"href":"https:\/\/steinkjerhundeklubb.no\/index.php?rest_route=\/wp\/v2\/pages"}],"about":[{"href":"https:\/\/steinkjerhundeklubb.no\/index.php?rest_route=\/wp\/v2\/types\/page"}],"author":[{"embeddable":true,"href":"https:\/\/steinkjerhundeklubb.no\/index.php?rest_route=\/wp\/v2\/users\/2"}],"replies":[{"embeddable":true,"href":"https:\/\/steinkjerhundeklubb.no\/index.php?rest_route=%2Fwp%2Fv2%2Fcomments&post=224"}],"version-history":[{"count":3,"href":"https:\/\/steinkjerhundeklubb.no\/index.php?rest_route=\/wp\/v2\/pages\/224\/revisions"}],"predecessor-version":[{"id":227,"href":"https:\/\/steinkjerhundeklubb.no\/index.php?rest_route=\/wp\/v2\/pages\/224\/revisions\/227"}],"wp:attachment":[{"href":"https:\/\/steinkjerhundeklubb.no\/index.php?rest_route=%2Fwp%2Fv2%2Fmedia&parent=224"}],"curies":[{"name":"wp","href":"https:\/\/api.w.org\/{rel}","templated":true}]}}