{"id":38,"date":"2025-05-26T16:37:49","date_gmt":"2025-05-26T16:37:49","guid":{"rendered":"https:\/\/steinkjerhundeklubb.no\/?page_id=38"},"modified":"2025-05-26T20:22:20","modified_gmt":"2025-05-26T20:22:20","slug":"om-klubben","status":"publish","type":"page","link":"https:\/\/steinkjerhundeklubb.no\/?page_id=38","title":{"rendered":"Om klubben"},"content":{"rendered":"<p>Steinkjer Hundeklubb ble stiftet 25.11.82 og er \u00e5pen for alle, b\u00e5de blandingshunder og renrasede.<\/p>\n<p>Vi er samarbeidende klubb med NKK, og har hatt v\u00e5rt eget medlemsblad, Aktuell Apport, siden -85.<\/p>\n<p>Steinkjer Hundeklubb&#8217;s Facebook-side er \u00e5pen for alle, b\u00e5de for ikke-medlemmer og medlemmer i Steinkjer Hundeklubb!<\/p>\n<p>Milj\u00f8treningene er klubbens sentrale aktivitet, og har v\u00e6rt det helt fra starten. Vi satser p\u00e5 aktiviteter som skal passe alle hunder og hundeeiere, og vi setter det sosiale milj\u00f8et h\u00f8yt!<\/p>\n<p>Gj\u00f8r Steinkjer Hundeklubb org.nr. 985 478 163, til din Grasrotpartner!<\/p>\n","protected":false},"excerpt":{"rendered":"<p>Steinkjer Hundeklubb ble stiftet 25.11.82 og er \u00e5pen for alle, b\u00e5de blandingshunder og renrasede. Vi er samarbeidende klubb med NKK, og har hatt v\u00e5rt eget medlemsblad, Aktuell Apport, siden -85. &hellip; <\/p>\n<p class=\"link-more\"><a href=\"https:\/\/steinkjerhundeklubb.no\/?page_id=38\" class=\"more-link\">Fortsett \u00e5 lese<span class=\"screen-reader-text\"> \u00abOm klubben\u00bb<\/span><\/a><\/p>\n","protected":false},"author":1,"featured_media":0,"parent":0,"menu_order":0,"comment_status":"closed","ping_status":"closed","template":"","meta":{"ngg_post_thumbnail":0,"_price":"","_stock":"","_tribe_ticket_header":"","_tribe_default_ticket_provider":"","_tribe_ticket_capacity":"0","_ticket_start_date":"","_ticket_end_date":"","_tribe_ticket_show_description":"","_tribe_ticket_show_not_going":false,"_tribe_ticket_use_global_stock":"","_tribe_ticket_global_stock_level":"","_global_stock_mode":"","_global_stock_cap":"","_tribe_rsvp_for_event":"","_tribe_ticket_going_count":"","_tribe_ticket_not_going_count":"","_tribe_tickets_list":"[]","_tribe_ticket_has_attendee_info_fields":false,"footnotes":"","_tec_slr_enabled":"","_tec_slr_layout":""},"class_list":["post-38","page","type-page","status-publish","hentry"],"jetpack_sharing_enabled":true,"ticketed":false,"_links":{"self":[{"href":"https:\/\/steinkjerhundeklubb.no\/index.php?rest_route=\/wp\/v2\/pages\/38","targetHints":{"allow":["GET"]}}],"collection":[{"href":"https:\/\/steinkjerhundeklubb.no\/index.php?rest_route=\/wp\/v2\/pages"}],"about":[{"href":"https:\/\/steinkjerhundeklubb.no\/index.php?rest_route=\/wp\/v2\/types\/page"}],"author":[{"embeddable":true,"href":"https:\/\/steinkjerhundeklubb.no\/index.php?rest_route=\/wp\/v2\/users\/1"}],"replies":[{"embeddable":true,"href":"https:\/\/steinkjerhundeklubb.no\/index.php?rest_route=%2Fwp%2Fv2%2Fcomments&post=38"}],"version-history":[{"count":3,"href":"https:\/\/steinkjerhundeklubb.no\/index.php?rest_route=\/wp\/v2\/pages\/38\/revisions"}],"predecessor-version":[{"id":79,"href":"https:\/\/steinkjerhundeklubb.no\/index.php?rest_route=\/wp\/v2\/pages\/38\/revisions\/79"}],"wp:attachment":[{"href":"https:\/\/steinkjerhundeklubb.no\/index.php?rest_route=%2Fwp%2Fv2%2Fmedia&parent=38"}],"curies":[{"name":"wp","href":"https:\/\/api.w.org\/{rel}","templated":true}]}}