{"id":39,"date":"2025-05-26T16:37:49","date_gmt":"2025-05-26T16:37:49","guid":{"rendered":"https:\/\/steinkjerhundeklubb.no\/?page_id=39"},"modified":"2025-09-01T13:43:20","modified_gmt":"2025-09-01T13:43:20","slug":"agility","status":"publish","type":"page","link":"https:\/\/steinkjerhundeklubb.no\/?page_id=39","title":{"rendered":"Agility"},"content":{"rendered":"<p data-start=\"112\" data-end=\"286\"><strong data-start=\"112\" data-end=\"284\">Agility er en morsom og fartsfylt hundesport som passer for alle \u2013 b\u00e5de nybegynnere og erfarne. Hos Steinkjer Hundeklubb kan alle medlemmer v\u00e6re med p\u00e5 treningene v\u00e5re!<\/strong><\/p>\n<h3 data-start=\"288\" data-end=\"308\">Treningstilbud<\/h3>\n<p data-start=\"309\" data-end=\"477\">Steinkjer Hundeklubb tilbyr ukentlige agilitytreninger gjennom skole\u00e5ret. Treningene foreg\u00e5r enten p\u00e5 klubbens utebane p\u00e5 Lerkehaug eller i hallen vi leier p\u00e5 Sparbu.<\/p>\n<ul data-start=\"479\" data-end=\"832\">\n<li data-start=\"479\" data-end=\"550\">\n<p data-start=\"481\" data-end=\"550\">Treningene er <strong data-start=\"495\" data-end=\"524\">gratis for alle medlemmer<\/strong><\/p>\n<\/li>\n<li data-start=\"551\" data-end=\"621\">\n<p data-start=\"553\" data-end=\"621\">Klubben har agilityutstyr b\u00e5de p\u00e5 Lerkehaug og i hallen p\u00e5 Sparbu.<\/p>\n<\/li>\n<li data-start=\"622\" data-end=\"739\">\n<p data-start=\"624\" data-end=\"739\">Dersom du \u00f8nsker \u00e5 trene utenom de organiserte \u00f8ktene, kan du betale halleie p\u00e5 Sparbu og booke egen treningstid.<\/p>\n<\/li>\n<li data-start=\"740\" data-end=\"832\">\n<p data-start=\"742\" data-end=\"832\">P\u00e5 banen p\u00e5 Lerkehaug er egen treningstid forbeholdt de som organiserer klubbtreningene.<\/p>\n<\/li>\n<\/ul>\n<h3 data-start=\"834\" data-end=\"859\">Kurs og aktiviteter<\/h3>\n<p data-start=\"860\" data-end=\"997\">I tillegg til de faste treningene arrangerer vi teorikvelder med ulike tema, for eksempel slal\u00e5m eller introduksjon til agilitysporten.<\/p>\n<p data-start=\"999\" data-end=\"1142\">Tradisjonelt sett har vi arrangert to agilitykurs i \u00e5ret med eksterne instrukt\u00f8rer, men dette kan endres dersom medlemmene \u00f8nsker flere kurs.<\/p>\n<h3 data-start=\"1144\" data-end=\"1174\">Utstyr og fremtidsplaner<\/h3>\n<p data-start=\"1175\" data-end=\"1378\">Steinkjer Hundeklubb har en komplett hinderpark \u2013 det eneste vi mangler er godkjente hopphinder.<br data-start=\"1271\" data-end=\"1274\" \/>Vi har forel\u00f8pig ikke arrangert stevner, men m\u00e5let er \u00e5 arrangere v\u00e5rt f\u00f8rste bl\u00e5b\u00e6rstevne i <strong data-start=\"1367\" data-end=\"1375\">2026<\/strong>.<\/p>\n<h3 data-start=\"1380\" data-end=\"1401\">Kontaktpersoner<\/h3>\n<p data-start=\"1402\" data-end=\"1528\">Har du sp\u00f8rsm\u00e5l om agility, eller \u00f8nsker du \u00e5 bidra med \u00e5 organisere treninger? Ta gjerne kontakt med en av v\u00e5re ansvarlige:<\/p>\n<ul data-start=\"1530\" data-end=\"1672\">\n<li data-start=\"1530\" data-end=\"1580\">\n<p data-start=\"1532\" data-end=\"1580\"><strong data-start=\"1532\" data-end=\"1560\">Tiril Borgs\u00f8 Martinussen<\/strong> \u2013 tlf. 412 62 235<\/p>\n<\/li>\n<li data-start=\"1581\" data-end=\"1632\">\n<p data-start=\"1583\" data-end=\"1632\"><strong data-start=\"1583\" data-end=\"1612\">Thea Renate Bj\u00f8rnes Brimi<\/strong> \u2013 tlf. 906 61 623<\/p>\n<\/li>\n<li data-start=\"1633\" data-end=\"1672\">\n<p data-start=\"1635\" data-end=\"1672\"><strong data-start=\"1635\" data-end=\"1652\">Jorid Sandvik<\/strong> \u2013 tlf. 932 54 93<\/p>\n<\/li>\n<\/ul>\n<p><img loading=\"lazy\" decoding=\"async\" class=\"size-medium wp-image-230 alignleft\" src=\"https:\/\/steinkjerhundeklubb.no\/wp-content\/uploads\/2025\/09\/unnamed-300x200.png\" alt=\"\" width=\"300\" height=\"200\" srcset=\"https:\/\/steinkjerhundeklubb.no\/wp-content\/uploads\/2025\/09\/unnamed-300x200.png 300w, https:\/\/steinkjerhundeklubb.no\/wp-content\/uploads\/2025\/09\/unnamed-768x513.png 768w, https:\/\/steinkjerhundeklubb.no\/wp-content\/uploads\/2025\/09\/unnamed-350x234.png 350w, https:\/\/steinkjerhundeklubb.no\/wp-content\/uploads\/2025\/09\/unnamed.png 944w\" sizes=\"auto, (max-width: 300px) 100vw, 300px\" \/><\/p>\n","protected":false},"excerpt":{"rendered":"<p>Agility er en morsom og fartsfylt hundesport som passer for alle \u2013 b\u00e5de nybegynnere og erfarne. Hos Steinkjer Hundeklubb kan alle medlemmer v\u00e6re med p\u00e5 treningene v\u00e5re! Treningstilbud Steinkjer Hundeklubb &hellip; <\/p>\n<p class=\"link-more\"><a href=\"https:\/\/steinkjerhundeklubb.no\/?page_id=39\" class=\"more-link\">Fortsett \u00e5 lese<span class=\"screen-reader-text\"> \u00abAgility\u00bb<\/span><\/a><\/p>\n","protected":false},"author":1,"featured_media":229,"parent":0,"menu_order":0,"comment_status":"closed","ping_status":"closed","template":"","meta":{"ngg_post_thumbnail":0,"_price":"","_stock":"","_tribe_ticket_header":"","_tribe_default_ticket_provider":"","_tribe_ticket_capacity":"0","_ticket_start_date":"","_ticket_end_date":"","_tribe_ticket_show_description":"","_tribe_ticket_show_not_going":false,"_tribe_ticket_use_global_stock":"","_tribe_ticket_global_stock_level":"","_global_stock_mode":"","_global_stock_cap":"","_tribe_rsvp_for_event":"","_tribe_ticket_going_count":"","_tribe_ticket_not_going_count":"","_tribe_tickets_list":"[]","_tribe_ticket_has_attendee_info_fields":false,"footnotes":"","_tec_slr_enabled":"","_tec_slr_layout":""},"class_list":["post-39","page","type-page","status-publish","has-post-thumbnail","hentry"],"jetpack_sharing_enabled":true,"ticketed":false,"_links":{"self":[{"href":"https:\/\/steinkjerhundeklubb.no\/index.php?rest_route=\/wp\/v2\/pages\/39","targetHints":{"allow":["GET"]}}],"collection":[{"href":"https:\/\/steinkjerhundeklubb.no\/index.php?rest_route=\/wp\/v2\/pages"}],"about":[{"href":"https:\/\/steinkjerhundeklubb.no\/index.php?rest_route=\/wp\/v2\/types\/page"}],"author":[{"embeddable":true,"href":"https:\/\/steinkjerhundeklubb.no\/index.php?rest_route=\/wp\/v2\/users\/1"}],"replies":[{"embeddable":true,"href":"https:\/\/steinkjerhundeklubb.no\/index.php?rest_route=%2Fwp%2Fv2%2Fcomments&post=39"}],"version-history":[{"count":5,"href":"https:\/\/steinkjerhundeklubb.no\/index.php?rest_route=\/wp\/v2\/pages\/39\/revisions"}],"predecessor-version":[{"id":236,"href":"https:\/\/steinkjerhundeklubb.no\/index.php?rest_route=\/wp\/v2\/pages\/39\/revisions\/236"}],"wp:featuredmedia":[{"embeddable":true,"href":"https:\/\/steinkjerhundeklubb.no\/index.php?rest_route=\/wp\/v2\/media\/229"}],"wp:attachment":[{"href":"https:\/\/steinkjerhundeklubb.no\/index.php?rest_route=%2Fwp%2Fv2%2Fmedia&parent=39"}],"curies":[{"name":"wp","href":"https:\/\/api.w.org\/{rel}","templated":true}]}}